{"id":752,"date":"2022-05-08T09:38:46","date_gmt":"2022-05-08T09:38:46","guid":{"rendered":"https:\/\/rollinat.fr\/?page_id=752"},"modified":"2023-06-30T21:16:18","modified_gmt":"2023-06-30T21:16:18","slug":"mathematiques","status":"publish","type":"page","link":"https:\/\/rollinat.fr\/?page_id=752","title":{"rendered":"Math\u00e9matiques"},"content":{"rendered":"\n<p>Ceci est la page des maths<\/p>\n\n\n<div class=\"cl-layout-container align advgb-dyn-d41d8cd9\" style=\"--cl-layout-padding:0px;--cl-layout-margin:5px;\"><div  class=\"cl-layout cl-layout--grid  cl-layout--col-l-4 cl-layout--col-m-4 cl-layout--col-s-2 cl-layout--col-xs-1\"  style=\"--cl-layout-gap-c: 10px;--cl-layout-gap-r: 10px;\n\t\t\" ><div  class=\"cl-layout__item cl-layout__item--id-1657\" ><div  class=\"cl-template cl-template--post cl-template--id-1660 cl-template--image-top\" ><div class=\"cl-element cl-element-featured_media cl-element--instance-1004  cl-element-featured_media--sizing-aspect_ratio\"><a class=\"cl-element-featured_media__anchor\" href=\"https:\/\/rollinat.fr\/?p=1657\" title=\"Rallye Maths en CM2\/Sixi\u00e8mes\"><div class=\"cl-element-featured_media__image\" style=\"background-image: url(https:\/\/rollinat.fr\/wp-content\/uploads\/2023\/06\/rallye_maths-e1688158810638-300x183.png)\" role=\"img\"><\/div><\/a><\/div><div class=\"cl-element cl-element-section cl-element--instance-1005 \"><h3 class=\"cl-element cl-element-title cl-element--instance-1001 \"><a class=\"cl-element-title__anchor\" href=\"https:\/\/rollinat.fr\/?p=1657\">Rallye Maths en CM2\/Sixi\u00e8mes<\/a><\/h3><div class=\"cl-element cl-element-excerpt cl-element--instance-1002 \">Le Rallye Maths est un concours\u2026<\/div><div class=\"cl-element cl-element-link cl-element--instance-1003 \"><a class=\"cl-element-link__anchor\" href=\"https:\/\/rollinat.fr\/?p=1657\">Lire la suite<\/a><\/div><\/div><\/div><\/div><div  class=\"cl-layout__item cl-layout__item--id-1654\" ><div  class=\"cl-template cl-template--post cl-template--id-1660 cl-template--image-top\" ><div class=\"cl-element cl-element-featured_media cl-element--instance-1004  cl-element-featured_media--sizing-aspect_ratio\"><a class=\"cl-element-featured_media__anchor\" href=\"https:\/\/rollinat.fr\/?p=1654\" title=\"Concours Algor\u00e9a\"><div class=\"cl-element-featured_media__image\" style=\"background-image: url(https:\/\/rollinat.fr\/wp-content\/uploads\/2023\/06\/logoAlgorea_2-300x124.png)\" role=\"img\"><\/div><\/a><\/div><div class=\"cl-element cl-element-section cl-element--instance-1005 \"><h3 class=\"cl-element cl-element-title cl-element--instance-1001 \"><a class=\"cl-element-title__anchor\" href=\"https:\/\/rollinat.fr\/?p=1654\">Concours Algor\u00e9a<\/a><\/h3><div class=\"cl-element cl-element-excerpt cl-element--instance-1002 \">Il s&rsquo;agit d&rsquo;un concours de programmation,\u2026<\/div><div class=\"cl-element cl-element-link cl-element--instance-1003 \"><a class=\"cl-element-link__anchor\" href=\"https:\/\/rollinat.fr\/?p=1654\">Lire la suite<\/a><\/div><\/div><\/div><\/div><div  class=\"cl-layout__item cl-layout__item--id-1651\" ><div  class=\"cl-template cl-template--post cl-template--id-1660 cl-template--image-top\" ><div class=\"cl-element cl-element-featured_media cl-element--instance-1004  cl-element-featured_media--sizing-aspect_ratio\"><a class=\"cl-element-featured_media__anchor\" href=\"https:\/\/rollinat.fr\/?p=1651\" title=\"Challenge Merckhoffer\"><div class=\"cl-element-featured_media__image\" style=\"background-image: url(https:\/\/rollinat.fr\/wp-content\/uploads\/2023\/06\/vignette_challenge-300x177.png)\" role=\"img\"><\/div><\/a><\/div><div class=\"cl-element cl-element-section cl-element--instance-1005 \"><h3 class=\"cl-element cl-element-title cl-element--instance-1001 \"><a class=\"cl-element-title__anchor\" href=\"https:\/\/rollinat.fr\/?p=1651\">Challenge Merckhoffer<\/a><\/h3><div class=\"cl-element cl-element-excerpt cl-element--instance-1002 \">Durant deux heures, des \u00e9l\u00e8ves de\u2026<\/div><div class=\"cl-element cl-element-link cl-element--instance-1003 \"><a class=\"cl-element-link__anchor\" href=\"https:\/\/rollinat.fr\/?p=1651\">Lire la suite<\/a><\/div><\/div><\/div><\/div><div  class=\"cl-layout__item cl-layout__item--id-1647\" ><div  class=\"cl-template cl-template--post cl-template--id-1660 cl-template--image-top\" ><div class=\"cl-element cl-element-featured_media cl-element--instance-1004  cl-element-featured_media--sizing-aspect_ratio\"><a class=\"cl-element-featured_media__anchor\" href=\"https:\/\/rollinat.fr\/?p=1647\" title=\"La Course aux Nombres\"><div class=\"cl-element-featured_media__image\" style=\"background-image: url(https:\/\/rollinat.fr\/wp-content\/uploads\/2023\/06\/course_aux_nombres-e1688157907512-300x176.png)\" role=\"img\"><\/div><\/a><\/div><div class=\"cl-element cl-element-section cl-element--instance-1005 \"><h3 class=\"cl-element cl-element-title cl-element--instance-1001 \"><a class=\"cl-element-title__anchor\" href=\"https:\/\/rollinat.fr\/?p=1647\">La Course aux Nombres<\/a><\/h3><div class=\"cl-element cl-element-excerpt cl-element--instance-1002 \">La course aux nombres est une\u2026<\/div><div class=\"cl-element cl-element-link cl-element--instance-1003 \"><a class=\"cl-element-link__anchor\" href=\"https:\/\/rollinat.fr\/?p=1647\">Lire la suite<\/a><\/div><\/div><\/div><\/div><div  class=\"cl-layout__item cl-layout__item--id-759\" ><div  class=\"cl-template cl-template--post cl-template--id-1660 cl-template--image-top\" ><div class=\"cl-element cl-element-featured_media cl-element--instance-1004  cl-element-featured_media--sizing-aspect_ratio\"><a class=\"cl-element-featured_media__anchor\" href=\"https:\/\/rollinat.fr\/?p=759\" title=\"Concours Castor Informatique\"><div class=\"cl-element-featured_media__image\" style=\"background-image: url(https:\/\/rollinat.fr\/wp-content\/uploads\/2022\/05\/castor_medium.png)\" role=\"img\"><\/div><\/a><\/div><div class=\"cl-element cl-element-section cl-element--instance-1005 \"><h3 class=\"cl-element cl-element-title cl-element--instance-1001 \"><a class=\"cl-element-title__anchor\" href=\"https:\/\/rollinat.fr\/?p=759\">Concours Castor Informatique<\/a><\/h3><div class=\"cl-element cl-element-excerpt cl-element--instance-1002 \">Le concours Castor Informatique est une\u2026<\/div><div class=\"cl-element cl-element-link cl-element--instance-1003 \"><a class=\"cl-element-link__anchor\" href=\"https:\/\/rollinat.fr\/?p=759\">Lire la suite<\/a><\/div><\/div><\/div><\/div><\/div><\/div>","protected":false},"excerpt":{"rendered":"<p>Ceci est la page des maths<\/p>\n","protected":false},"author":1,"featured_media":0,"parent":0,"menu_order":0,"comment_status":"closed","ping_status":"closed","template":"","meta":{"advgb_blocks_editor_width":"","advgb_blocks_columns_visual_guide":""},"categories":[21],"tags":[],"aioseo_notices":[],"coauthors":[],"author_meta":{"author_link":"https:\/\/rollinat.fr\/?author=1","display_name":"david.minet@gmail.com"},"relative_dates":{"created":"Publi\u00e9 4 ans il y a","modified":"Mis \u00e0 jour 3 ans il y a"},"absolute_dates":{"created":"Publi\u00e9 le mai 8, 2022","modified":"Mise \u00e0 jour le juin 30, 2023"},"absolute_dates_time":{"created":"Publi\u00e9 le mai 8, 2022 9:38  ","modified":"Mise \u00e0 jour le juin 30, 2023 9:16  "},"featured_img_caption":"","featured_img":false,"series_order":"","_links":{"self":[{"href":"https:\/\/rollinat.fr\/index.php?rest_route=\/wp\/v2\/pages\/752"}],"collection":[{"href":"https:\/\/rollinat.fr\/index.php?rest_route=\/wp\/v2\/pages"}],"about":[{"href":"https:\/\/rollinat.fr\/index.php?rest_route=\/wp\/v2\/types\/page"}],"author":[{"embeddable":true,"href":"https:\/\/rollinat.fr\/index.php?rest_route=\/wp\/v2\/users\/1"}],"replies":[{"embeddable":true,"href":"https:\/\/rollinat.fr\/index.php?rest_route=%2Fwp%2Fv2%2Fcomments&post=752"}],"version-history":[{"count":8,"href":"https:\/\/rollinat.fr\/index.php?rest_route=\/wp\/v2\/pages\/752\/revisions"}],"predecessor-version":[{"id":1664,"href":"https:\/\/rollinat.fr\/index.php?rest_route=\/wp\/v2\/pages\/752\/revisions\/1664"}],"wp:attachment":[{"href":"https:\/\/rollinat.fr\/index.php?rest_route=%2Fwp%2Fv2%2Fmedia&parent=752"}],"wp:term":[{"taxonomy":"category","embeddable":true,"href":"https:\/\/rollinat.fr\/index.php?rest_route=%2Fwp%2Fv2%2Fcategories&post=752"},{"taxonomy":"post_tag","embeddable":true,"href":"https:\/\/rollinat.fr\/index.php?rest_route=%2Fwp%2Fv2%2Ftags&post=752"}],"curies":[{"name":"wp","href":"https:\/\/api.w.org\/{rel}","templated":true}]}}