{"id":2029,"date":"2023-09-26T08:13:05","date_gmt":"2023-09-26T08:13:05","guid":{"rendered":"https:\/\/rollinat.fr\/?page_id=2029"},"modified":"2024-10-08T04:58:19","modified_gmt":"2024-10-08T04:58:19","slug":"aides-a-la-scolarite-2","status":"publish","type":"page","link":"https:\/\/rollinat.fr\/?page_id=2029","title":{"rendered":"Aides \u00e0 la scolarit\u00e9"},"content":{"rendered":"\n<p>Pour faire face \u00e0 une difficult\u00e9 financi\u00e8re ponctuelle (ex : paiement des frais de demi-pension ou d&rsquo;internat), vous pouvez b\u00e9n\u00e9ficier du fonds social lyc\u00e9en ou de l&rsquo;aide \u00e0 la restauration. Il vous suffit de prendre rendez-vous aupr\u00e8s de l&rsquo;assistante sociale du lyc\u00e9e ou de contacter l\u2019agence comptable pour des renseignements compl\u00e9mentaires. Afin de pr\u00e9parer votre rendez-vous, vous pouvez t\u00e9l\u00e9charger les dossiers&nbsp;:<\/p>\n\n\n\n<div class=\"wp-block-buttons is-content-justification-center is-layout-flex wp-container-1\">\n<div class=\"wp-block-button\"><a class=\"wp-block-button__link has-background wp-element-button\" href=\"https:\/\/rollinat.fr\/wp-content\/uploads\/2024\/05\/Dossier-fonds-social-LYCEE-ROLLINAT.pdf\" style=\"background-color:#b0cce4\" target=\"_blank\" rel=\"noreferrer noopener\"><img decoding=\"async\" loading=\"lazy\" width=\"512\" height=\"512\" class=\"wp-image-1833\" style=\"width: 15px;\" src=\"https:\/\/rollinat.fr\/wp-content\/uploads\/2023\/08\/telecharger.png\" alt=\"\" srcset=\"https:\/\/rollinat.fr\/wp-content\/uploads\/2023\/08\/telecharger.png 512w, https:\/\/rollinat.fr\/wp-content\/uploads\/2023\/08\/telecharger-300x300.png 300w, https:\/\/rollinat.fr\/wp-content\/uploads\/2023\/08\/telecharger-150x150.png 150w\" sizes=\"(max-width: 512px) 100vw, 512px\" \/> Dossier fonds social<\/a><\/div>\n\n\n\n<div class=\"wp-block-button\"><a class=\"wp-block-button__link has-background wp-element-button\" href=\"https:\/\/rollinat.fr\/wp-content\/uploads\/2024\/09\/LYCEE-ROLLINAT-FSR-formulaire_2024_2025.pdf\" style=\"background-color:#b0cce4\" target=\"_blank\" rel=\"noreferrer noopener\"><img decoding=\"async\" loading=\"lazy\" width=\"512\" height=\"512\" class=\"wp-image-1833\" style=\"width: 15px;\" src=\"https:\/\/rollinat.fr\/wp-content\/uploads\/2023\/08\/telecharger.png\" alt=\"\" srcset=\"https:\/\/rollinat.fr\/wp-content\/uploads\/2023\/08\/telecharger.png 512w, https:\/\/rollinat.fr\/wp-content\/uploads\/2023\/08\/telecharger-300x300.png 300w, https:\/\/rollinat.fr\/wp-content\/uploads\/2023\/08\/telecharger-150x150.png 150w\" sizes=\"(max-width: 512px) 100vw, 512px\" \/> Dossier aide r\u00e9gionale<\/a><\/div>\n<\/div>\n","protected":false},"excerpt":{"rendered":"<p>Pour faire face \u00e0 une difficult\u00e9 financi\u00e8re ponctuelle (ex : paiement des frais de demi-pension ou d&rsquo;internat), vous pouvez b\u00e9n\u00e9ficier du fonds social lyc\u00e9en ou de l&rsquo;aide \u00e0 la restauration. Il vous suffit de prendre rendez-vous aupr\u00e8s de l&rsquo;assistante sociale du lyc\u00e9e ou de contacter l\u2019agence comptable pour des renseignements compl\u00e9mentaires. Afin de pr\u00e9parer votre [&hellip;]<\/p>\n","protected":false},"author":1,"featured_media":0,"parent":0,"menu_order":0,"comment_status":"closed","ping_status":"closed","template":"","meta":{"advgb_blocks_editor_width":"","advgb_blocks_columns_visual_guide":""},"categories":[75],"tags":[74],"aioseo_notices":[],"coauthors":[],"author_meta":{"author_link":"https:\/\/rollinat.fr\/?author=1","display_name":"david.minet@gmail.com"},"relative_dates":{"created":"Publi\u00e9 3 ans il y a","modified":"Mis \u00e0 jour 1 an il y a"},"absolute_dates":{"created":"Publi\u00e9 le septembre 26, 2023","modified":"Mise \u00e0 jour le octobre 8, 2024"},"absolute_dates_time":{"created":"Publi\u00e9 le septembre 26, 2023 8:13  ","modified":"Mise \u00e0 jour le octobre 8, 2024 4:58  "},"featured_img_caption":"","featured_img":false,"series_order":"","_links":{"self":[{"href":"https:\/\/rollinat.fr\/index.php?rest_route=\/wp\/v2\/pages\/2029"}],"collection":[{"href":"https:\/\/rollinat.fr\/index.php?rest_route=\/wp\/v2\/pages"}],"about":[{"href":"https:\/\/rollinat.fr\/index.php?rest_route=\/wp\/v2\/types\/page"}],"author":[{"embeddable":true,"href":"https:\/\/rollinat.fr\/index.php?rest_route=\/wp\/v2\/users\/1"}],"replies":[{"embeddable":true,"href":"https:\/\/rollinat.fr\/index.php?rest_route=%2Fwp%2Fv2%2Fcomments&post=2029"}],"version-history":[{"count":5,"href":"https:\/\/rollinat.fr\/index.php?rest_route=\/wp\/v2\/pages\/2029\/revisions"}],"predecessor-version":[{"id":2323,"href":"https:\/\/rollinat.fr\/index.php?rest_route=\/wp\/v2\/pages\/2029\/revisions\/2323"}],"wp:attachment":[{"href":"https:\/\/rollinat.fr\/index.php?rest_route=%2Fwp%2Fv2%2Fmedia&parent=2029"}],"wp:term":[{"taxonomy":"category","embeddable":true,"href":"https:\/\/rollinat.fr\/index.php?rest_route=%2Fwp%2Fv2%2Fcategories&post=2029"},{"taxonomy":"post_tag","embeddable":true,"href":"https:\/\/rollinat.fr\/index.php?rest_route=%2Fwp%2Fv2%2Ftags&post=2029"}],"curies":[{"name":"wp","href":"https:\/\/api.w.org\/{rel}","templated":true}]}}