{"id":1665,"date":"2023-06-30T21:19:10","date_gmt":"2023-06-30T21:19:10","guid":{"rendered":"https:\/\/rollinat.fr\/?page_id=1665"},"modified":"2023-07-03T15:06:19","modified_gmt":"2023-07-03T15:06:19","slug":"le-centre-de-documentation-et-dinformation","status":"publish","type":"page","link":"https:\/\/rollinat.fr\/?page_id=1665","title":{"rendered":"Le centre de documentation et d\u2019information"},"content":{"rendered":"\n<figure class=\"wp-block-image aligncenter size-large is-resized\"><img decoding=\"async\" src=\"https:\/\/rollinat.fr\/wp-content\/uploads\/2023\/07\/photos-057-1024x768.jpeg\" alt=\"\" class=\"wp-image-1698\" width=\"500\"\/><\/figure>\n\n\n\n<p>Le CDI est g\u00e9r\u00e9 et anim\u00e9 par une professeure documentaliste, Annie POITRENAUD.<\/p>\n\n\n\n<p>Au CDI, de nombreuses ressources sont \u00e0 votre disposition pour vos recherches documentaires, votre orientation scolaire, votre culture et vos lectures.<\/p>\n\n\n\n<figure class=\"wp-block-gallery aligncenter has-nested-images columns-3 is-cropped wp-block-gallery-1 is-layout-flex\">\n<figure class=\"wp-block-image size-large\"><img decoding=\"async\" loading=\"lazy\" width=\"1024\" height=\"768\" data-id=\"1697\"  src=\"https:\/\/rollinat.fr\/wp-content\/uploads\/2023\/07\/photos-050-1024x768.jpeg\" alt=\"\" class=\"wp-image-1697\"\/><\/figure>\n\n\n\n<figure class=\"wp-block-image size-large\"><img decoding=\"async\" loading=\"lazy\" width=\"1024\" height=\"768\" data-id=\"1696\"  src=\"https:\/\/rollinat.fr\/wp-content\/uploads\/2023\/07\/photos-048-1024x768.jpeg\" alt=\"\" class=\"wp-image-1696\"\/><\/figure>\n\n\n\n<figure class=\"wp-block-image size-large\"><img decoding=\"async\" loading=\"lazy\" width=\"768\" height=\"1024\" data-id=\"1695\"  src=\"https:\/\/rollinat.fr\/wp-content\/uploads\/2023\/07\/photos-0551-768x1024.jpeg\" alt=\"\" class=\"wp-image-1695\"\/><\/figure>\n<\/figure>\n\n\n\n<p>Le catalogue en ligne du CDI <img decoding=\"async\" loading=\"lazy\" width=\"321\" height=\"99\" class=\"wp-image-1668\" style=\"width: 80px;\" src=\"https:\/\/rollinat.fr\/wp-content\/uploads\/2023\/06\/esidoc-e1688394098214.jpg\" alt=\"\" srcset=\"https:\/\/rollinat.fr\/wp-content\/uploads\/2023\/06\/esidoc-e1688394098214.jpg 321w, https:\/\/rollinat.fr\/wp-content\/uploads\/2023\/06\/esidoc-e1688394098214-300x93.jpg 300w, https:\/\/rollinat.fr\/wp-content\/uploads\/2023\/06\/esidoc-e1688394098214-150x46.jpg 150w\" sizes=\"(max-width: 321px) 100vw, 321px\" \/>, un site web qui permet de consulter le fonds documentaire de CDI et d\u2019acc\u00e9der \u00e0 Europresse.com <img decoding=\"async\" loading=\"lazy\" width=\"492\" height=\"141\" class=\"wp-image-1670\" style=\"width: 80px;\" src=\"https:\/\/rollinat.fr\/wp-content\/uploads\/2023\/06\/europresse-e1688394073369.png\" alt=\"\" srcset=\"https:\/\/rollinat.fr\/wp-content\/uploads\/2023\/06\/europresse-e1688394073369.png 492w, https:\/\/rollinat.fr\/wp-content\/uploads\/2023\/06\/europresse-e1688394073369-300x86.png 300w, https:\/\/rollinat.fr\/wp-content\/uploads\/2023\/06\/europresse-e1688394073369-150x43.png 150w\" sizes=\"(max-width: 492px) 100vw, 492px\" \/> et \u00e0 Universalis.edu <img decoding=\"async\" loading=\"lazy\" width=\"492\" height=\"78\" class=\"wp-image-1671\" style=\"width: 80px;\" src=\"https:\/\/rollinat.fr\/wp-content\/uploads\/2023\/06\/universalis-e1688394116687.png\" alt=\"\" srcset=\"https:\/\/rollinat.fr\/wp-content\/uploads\/2023\/06\/universalis-e1688394116687.png 492w, https:\/\/rollinat.fr\/wp-content\/uploads\/2023\/06\/universalis-e1688394116687-300x48.png 300w, https:\/\/rollinat.fr\/wp-content\/uploads\/2023\/06\/universalis-e1688394116687-150x24.png 150w\" sizes=\"(max-width: 492px) 100vw, 492px\" \/><strong>.<\/strong> (proc\u00e9dure d\u2019acc\u00e8s via l\u2019ENT \u00ab\u00a0Mon CDI\u00a0\u00bb)<\/p>\n\n\n\n<h2 class=\"wp-block-heading\"><strong>Les horaires d\u2019ouverture<\/strong><\/h2>\n\n\n\n<p><\/p>\n","protected":false},"excerpt":{"rendered":"<p>Le CDI est g\u00e9r\u00e9 et anim\u00e9 par une professeure documentaliste, Annie POITRENAUD. Au CDI, de nombreuses ressources sont \u00e0 votre disposition pour vos recherches documentaires, votre orientation scolaire, votre culture et vos lectures. Le catalogue en ligne du CDI , un site web qui permet de consulter le fonds documentaire de CDI et d\u2019acc\u00e9der \u00e0 [&hellip;]<\/p>\n","protected":false},"author":1,"featured_media":0,"parent":0,"menu_order":0,"comment_status":"closed","ping_status":"closed","template":"","meta":{"advgb_blocks_editor_width":"","advgb_blocks_columns_visual_guide":""},"categories":[79],"tags":[74],"aioseo_notices":[],"coauthors":[],"author_meta":{"author_link":"https:\/\/rollinat.fr\/?author=1","display_name":"david.minet@gmail.com"},"relative_dates":{"created":"Publi\u00e9 3 ans il y a","modified":"Mis \u00e0 jour 3 ans il y a"},"absolute_dates":{"created":"Publi\u00e9 le juin 30, 2023","modified":"Mise \u00e0 jour le juillet 3, 2023"},"absolute_dates_time":{"created":"Publi\u00e9 le juin 30, 2023 9:19  ","modified":"Mise \u00e0 jour le juillet 3, 2023 3:06  "},"featured_img_caption":"","featured_img":false,"series_order":"","_links":{"self":[{"href":"https:\/\/rollinat.fr\/index.php?rest_route=\/wp\/v2\/pages\/1665"}],"collection":[{"href":"https:\/\/rollinat.fr\/index.php?rest_route=\/wp\/v2\/pages"}],"about":[{"href":"https:\/\/rollinat.fr\/index.php?rest_route=\/wp\/v2\/types\/page"}],"author":[{"embeddable":true,"href":"https:\/\/rollinat.fr\/index.php?rest_route=\/wp\/v2\/users\/1"}],"replies":[{"embeddable":true,"href":"https:\/\/rollinat.fr\/index.php?rest_route=%2Fwp%2Fv2%2Fcomments&post=1665"}],"version-history":[{"count":8,"href":"https:\/\/rollinat.fr\/index.php?rest_route=\/wp\/v2\/pages\/1665\/revisions"}],"predecessor-version":[{"id":1705,"href":"https:\/\/rollinat.fr\/index.php?rest_route=\/wp\/v2\/pages\/1665\/revisions\/1705"}],"wp:attachment":[{"href":"https:\/\/rollinat.fr\/index.php?rest_route=%2Fwp%2Fv2%2Fmedia&parent=1665"}],"wp:term":[{"taxonomy":"category","embeddable":true,"href":"https:\/\/rollinat.fr\/index.php?rest_route=%2Fwp%2Fv2%2Fcategories&post=1665"},{"taxonomy":"post_tag","embeddable":true,"href":"https:\/\/rollinat.fr\/index.php?rest_route=%2Fwp%2Fv2%2Ftags&post=1665"}],"curies":[{"name":"wp","href":"https:\/\/api.w.org\/{rel}","templated":true}]}}